{"id":9,"date":"2026-02-21T16:34:43","date_gmt":"2026-02-21T15:34:43","guid":{"rendered":"https:\/\/feveramoments.si\/?page_id=9"},"modified":"2026-03-12T07:48:31","modified_gmt":"2026-03-12T06:48:31","slug":"domov","status":"publish","type":"page","link":"https:\/\/feveramoments.si\/","title":{"rendered":"Domov"},"content":{"rendered":"<div class=\"wp-block-image\">\n<figure class=\"aligncenter is-resized\"><img decoding=\"async\" src=\"https:\/\/feveramoments.si\/wp-content\/uploads\/2026\/03\/image-14-1024x118-1-768x89.png\" alt=\"\" style=\"aspect-ratio:8.629677419354838;width:739px;height:auto\"\/><\/figure>\n<\/div>\n\n<div class=\"wp-block-image\">\n<figure class=\"aligncenter size-full is-resized\"><img fetchpriority=\"high\" decoding=\"async\" width=\"395\" height=\"156\" src=\"https:\/\/feveramoments.si\/wp-content\/uploads\/2026\/03\/image-22.png\" alt=\"\" class=\"wp-image-291\" style=\"aspect-ratio:2.5325638911788952;object-fit:cover;width:236px;height:auto\" srcset=\"https:\/\/feveramoments.si\/wp-content\/uploads\/2026\/03\/image-22.png 395w, https:\/\/feveramoments.si\/wp-content\/uploads\/2026\/03\/image-22-300x118.png 300w\" sizes=\"(max-width: 395px) 100vw, 395px\" \/><\/figure>\n<\/div>\n\n\n<hr class=\"wp-block-separator has-alpha-channel-opacity\"\/>\n\n\n\n<h2 class=\"wp-block-heading has-text-align-center has-medium-font-size\" style=\"line-height:1.1\"><a href=\"https:\/\/feveramoments.si\/?page_id=25\" data-type=\"link\" data-id=\"https:\/\/feveramoments.si\/?page_id=25\">Ujemite svoj trenutek<\/a><\/h2>\n\n\n\n<div class=\"wp-block-columns is-layout-flex wp-container-core-columns-is-layout-9d6595d7 wp-block-columns-is-layout-flex\">\n<div class=\"wp-block-column is-layout-flow wp-block-column-is-layout-flow\">\n<div class=\"fevera-hover-card\">\n<img decoding=\"async\" src=\"https:\/\/feveramoments.si\/wp-content\/uploads\/2026\/02\/DB682F97-1204-4B33-9D3F-4B5EF3EBE26C.png\" alt=\"Obletnice\">\n<div class=\"fevera-overlay\">\n<div class=\"fevera-overlay-text\">\nFevera moments ujame nebo to\u010dno tak\u0161no, <br>\nkot je bilo.<br>  <br>\nNa tisti dan.<br>\nOb tisti uri.<br>\nNa tistem mestu.\n<\/div>\n<\/div>\n<\/div>\n<style>\n.fevera-hover-card{\nposition: relative;\nwidth: 100%;\nmax-width: 420px;\naspect-ratio: 1\/1; \/* popoln kvadrat *\/\nmargin: 0 auto;\noverflow: hidden;\nborder-radius: 6px;\n}\n.fevera-hover-card img{\nposition: absolute;\nwidth: 100%;\nheight: 100%;\nobject-fit: cover;\n}\n.fevera-overlay{\nposition: absolute;\ninset: 0;\nbackground: rgba(26, 26, 26, 0.75);\nopacity: 0;\ntransition: opacity 0.35s ease;\ndisplay: flex;\nalign-items: center;\njustify-content: center;\ntext-align: center;\npadding: 30px;\n}\n.fevera-hover-card:hover .fevera-overlay{\nopacity: 1;\n}\n.fevera-overlay-text{\ncolor: #eadbb8;\nfont-size: 14px;\nletter-spacing: 2px;\nfont-weight: 300;\nline-height: 1.6;\n}\n<\/style>\n<\/div>\n\n\n\n<div class=\"wp-block-column is-layout-flow wp-block-column-is-layout-flow\">\n<div class=\"fevera-hover-card\">\n<img decoding=\"async\" src=\"https:\/\/feveramoments.si\/wp-content\/uploads\/2026\/02\/IMG_2057-e1773128478310.png\" alt=\"Obletnice\">\n<div class=\"fevera-overlay\">\n<div class=\"fevera-overlay-text\">\nVsaka zvezdna karta je popolnoma personalizirana.<br><br>\nUstvarjena je po resni\u010dnih astronomskih podatkih.<br>  \n<\/div>\n<\/div>\n<\/div>\n<style>\n.fevera-hover-card{\nposition: relative;\nwidth: 100%;\nmax-width: 420px;\naspect-ratio: 1\/1; \/* popoln kvadrat *\/\nmargin: 0 auto;\noverflow: hidden;\nborder-radius: 6px;\n}\n.fevera-hover-card img{\nposition: absolute;\nwidth: 100%;\nheight: 100%;\nobject-fit: cover;\n}\n.fevera-overlay{\nposition: absolute;\ninset: 0;\nbackground: rgba(26, 26, 26, 0.75);\nopacity: 0;\ntransition: opacity 0.35s ease;\ndisplay: flex;\nalign-items: center;\njustify-content: center;\ntext-align: center;\npadding: 30px;\n}\n.fevera-hover-card:hover .fevera-overlay{\nopacity: 1;\n}\n.fevera-overlay-text{\ncolor: #eadbb8;\nfont-size: 14px;\nletter-spacing: 2px;\nfont-weight: 300;\nline-height: 1.6;\n}\n<\/style>\n<\/div>\n\n\n\n<div class=\"wp-block-column is-layout-flow wp-block-column-is-layout-flow\">\n<div class=\"fevera-hover-card\">\n<img decoding=\"async\" src=\"https:\/\/feveramoments.si\/wp-content\/uploads\/2026\/02\/unnamed-scaled.jpg\" alt=\"Obletnice\">\n<div class=\"fevera-overlay\">\n<div class=\"fevera-overlay-text\">\nPopolno darilo za:<br>\nRojstvo otroka<br>  \nPoroko ali obletnico<br>\nPrvi poljub<br>\nDan, ki je spremenil vse\n<\/div>\n<\/div>\n<\/div>\n<style>\n.fevera-hover-card{\nposition: relative;\nwidth: 100%;\nmax-width: 420px;\naspect-ratio: 1\/1; \/* popoln kvadrat *\/\nmargin: 0 auto;\noverflow: hidden;\nborder-radius: 6px;\n}\n.fevera-hover-card img{\nposition: absolute;\nwidth: 100%;\nheight: 100%;\nobject-fit: cover;\n}\n.fevera-overlay{\nposition: absolute;\ninset: 0;\nbackground: rgba(26, 26, 26, 0.75);\nopacity: 0;\ntransition: opacity 0.35s ease;\ndisplay: flex;\nalign-items: center;\njustify-content: center;\ntext-align: center;\npadding: 30px;\n}\n.fevera-hover-card:hover .fevera-overlay{\nopacity: 1;\n}\n.fevera-overlay-text{\ncolor: #eadbb8;\nfont-size: 14px;\nletter-spacing: 2px;\nfont-weight: 300;\nline-height: 1.6;\n}\n<\/style>\n<\/div>\n<\/div>\n\n\n\n<div class=\"wp-block-buttons is-content-justification-center is-layout-flex wp-container-core-buttons-is-layout-16018d1d wp-block-buttons-is-layout-flex\">\n<div class=\"wp-block-button\"><a class=\"wp-block-button__link wp-element-button\" href=\"https:\/\/feveramoments.si\/?page_id=25\"> Ustvari svojo zvezdno karto <\/a><\/div>\n<\/div>\n\n\n\n<hr class=\"wp-block-separator has-alpha-channel-opacity\"\/>\n\n\n<div class=\"wp-block-image\">\n<figure class=\"aligncenter size-full is-resized\"><img decoding=\"async\" width=\"495\" height=\"177\" src=\"https:\/\/feveramoments.si\/wp-content\/uploads\/2026\/03\/image-21.png\" alt=\"\" class=\"wp-image-268\" style=\"aspect-ratio:2.79694439509682;width:250px;height:auto\" srcset=\"https:\/\/feveramoments.si\/wp-content\/uploads\/2026\/03\/image-21.png 495w, https:\/\/feveramoments.si\/wp-content\/uploads\/2026\/03\/image-21-300x107.png 300w\" sizes=\"(max-width: 495px) 100vw, 495px\" \/><\/figure>\n<\/div>\n\n\n<hr class=\"wp-block-separator has-alpha-channel-opacity\"\/>\n\n\n\n<h2 class=\"wp-block-heading has-medium-font-size\">  Zakaj izbrati Fevera moments?<\/h2>\n\n\n\n<p class=\"has-small-font-size\"><mark style=\"background-color: rgba(0, 0, 0, 0);\">\u2606<strong>\u00a0Popolnoma<\/strong> <\/mark><strong><mark style=\"background-color: rgba(0, 0, 0, 0); color: #d3c5a2;\">personalizirano<\/mark><\/strong><br><mark style=\"background-color: rgba(0, 0, 0, 0);\">Vsaka zvezdna karta je ustvarjena posebej za va<\/mark>\u0161 trenutek.<mark style=\"background-color: rgba(0, 0, 0, 0);\"><br>\u2606<strong>\u00a0<\/strong><\/mark><strong><mark style=\"background-color: rgba(0, 0, 0, 0); color: #d3c5a2;\">Resni\u010dni <\/mark><\/strong><mark style=\"background-color: rgba(0, 0, 0, 0);\"><strong>astronomski podatki<\/strong><br><\/mark> <mark style=\"background-color: rgba(0, 0, 0, 0);\">Nebo je prikazano natanko tako, kot je bilo na va\u0161 izbrani datum, uro in lokacijo.<br>\u2606<mark style=\"background-color: rgba(0, 0, 0, 0);\">\u00a0<\/mark><strong>Eleganten minimalisti\u010den dizajn\u00a0<\/strong><\/mark><br><mark style=\"background-color: rgba(0, 0, 0, 0);\">Popoln dodatek za vsak dom in vsak prostor. <\/mark><br><mark style=\"background-color: rgba(0, 0, 0, 0);\">\u2606<mark style=\"background-color: rgba(0, 0, 0, 0);\">\u00a0<\/mark><strong>Darilo z zgodbo<\/strong><\/mark><br><mark style=\"background-color: rgba(0, 0, 0, 0);\">Ni le dekoracija &#8211; je spomin, ki traja ve\u010dno<\/mark>.<\/p>\n\n\n\n<p><\/p>\n\n\n\n<hr class=\"wp-block-separator has-alpha-channel-opacity\"\/>\n\n\n\n<div class=\"wp-block-columns is-layout-flex wp-container-core-columns-is-layout-9d6595d7 wp-block-columns-is-layout-flex\">\n<div class=\"wp-block-column is-layout-flow wp-block-column-is-layout-flow\">\n<figure class=\"wp-block-image size-large\"><img decoding=\"async\" width=\"1024\" height=\"768\" src=\"https:\/\/feveramoments.si\/wp-content\/uploads\/2026\/03\/izdelki-1024x768.jpg\" alt=\"\" class=\"wp-image-309\" srcset=\"https:\/\/feveramoments.si\/wp-content\/uploads\/2026\/03\/izdelki-1024x768.jpg 1024w, https:\/\/feveramoments.si\/wp-content\/uploads\/2026\/03\/izdelki-300x225.jpg 300w, https:\/\/feveramoments.si\/wp-content\/uploads\/2026\/03\/izdelki-768x576.jpg 768w, https:\/\/feveramoments.si\/wp-content\/uploads\/2026\/03\/izdelki-1536x1152.jpg 1536w, https:\/\/feveramoments.si\/wp-content\/uploads\/2026\/03\/izdelki-2048x1536.jpg 2048w, https:\/\/feveramoments.si\/wp-content\/uploads\/2026\/03\/izdelki-607x455.jpg 607w\" sizes=\"(max-width: 1024px) 100vw, 1024px\" \/><\/figure>\n<\/div>\n\n\n\n<div class=\"wp-block-column is-layout-flow wp-block-column-is-layout-flow\">\n<h2 class=\"wp-block-heading has-medium-font-size\">Najina zgodba<\/h2>\n\n\n\n<p class=\"has-small-font-size\">Ime Fevera zdru\u017euje tri pomene:<br>February, Forever in Favorite \u2014za\u010detek, ve\u010dnost in tisto, kar nam je najljub\u0161e.<br><br>Februar je mesec, ko se je za\u010dela najina zgodba, iz katere je nastala tudi ideja za ta projekt.<br>Prvi izdelek je nastal kot darilo za najino obletnico \u2014 kot spomin na nebo, ki je bilo nad nama, ko se je vse za\u010delo.<br><br>Iz osebnega trenutka se je rodila ideja: zakaj ne bi tudi drugim omogo\u010dili, da svoje najlep\u0161e trenutke ohranijo na enak na\u010din?<br>Zato danes ustvarjamo izdelke, ki niso le dekoracija, ampak nosijo zgodbo.<br><br><a href=\"https:\/\/feveramoments.si\/?page_id=25\" data-type=\"link\" data-id=\"https:\/\/feveramoments.si\/?page_id=25\">Ustvarjamo spomine, ki trajajo ve\u010dno.&#x1f90d;<\/a><\/p>\n<\/div>\n<\/div>\n\n\n\n<hr class=\"wp-block-separator has-alpha-channel-opacity\"\/>\n\n\n\n<h2 class=\"wp-block-heading has-text-align-center has-medium-font-size\" style=\"margin-top:var(--wp--preset--spacing--50);margin-bottom:var(--wp--preset--spacing--50)\">Kako deluje?<\/h2>\n\n\n\n<div class=\"wp-block-columns is-layout-flex wp-container-core-columns-is-layout-9d6595d7 wp-block-columns-is-layout-flex\">\n<div class=\"wp-block-column is-layout-flow wp-block-column-is-layout-flow\">\n<figure class=\"wp-block-image size-full\"><img loading=\"lazy\" decoding=\"async\" width=\"800\" height=\"800\" src=\"https:\/\/feveramoments.si\/wp-content\/uploads\/2026\/03\/e946d686-633c-4d78-ac27-055265fe4221.jpg\" alt=\"\" class=\"wp-image-170\" srcset=\"https:\/\/feveramoments.si\/wp-content\/uploads\/2026\/03\/e946d686-633c-4d78-ac27-055265fe4221.jpg 800w, https:\/\/feveramoments.si\/wp-content\/uploads\/2026\/03\/e946d686-633c-4d78-ac27-055265fe4221-300x300.jpg 300w, https:\/\/feveramoments.si\/wp-content\/uploads\/2026\/03\/e946d686-633c-4d78-ac27-055265fe4221-150x150.jpg 150w, https:\/\/feveramoments.si\/wp-content\/uploads\/2026\/03\/e946d686-633c-4d78-ac27-055265fe4221-768x768.jpg 768w, https:\/\/feveramoments.si\/wp-content\/uploads\/2026\/03\/e946d686-633c-4d78-ac27-055265fe4221-607x607.jpg 607w, https:\/\/feveramoments.si\/wp-content\/uploads\/2026\/03\/e946d686-633c-4d78-ac27-055265fe4221-100x100.jpg 100w\" sizes=\"(max-width: 800px) 100vw, 800px\" \/><\/figure>\n<\/div>\n\n\n\n<div class=\"wp-block-column is-layout-flow wp-block-column-is-layout-flow\">\n<figure class=\"wp-block-image size-full\"><img loading=\"lazy\" decoding=\"async\" width=\"800\" height=\"800\" src=\"https:\/\/feveramoments.si\/wp-content\/uploads\/2026\/03\/e0a66724-35c1-40f2-92cb-69a840479dce.jpg\" alt=\"\" class=\"wp-image-171\" srcset=\"https:\/\/feveramoments.si\/wp-content\/uploads\/2026\/03\/e0a66724-35c1-40f2-92cb-69a840479dce.jpg 800w, https:\/\/feveramoments.si\/wp-content\/uploads\/2026\/03\/e0a66724-35c1-40f2-92cb-69a840479dce-300x300.jpg 300w, https:\/\/feveramoments.si\/wp-content\/uploads\/2026\/03\/e0a66724-35c1-40f2-92cb-69a840479dce-150x150.jpg 150w, https:\/\/feveramoments.si\/wp-content\/uploads\/2026\/03\/e0a66724-35c1-40f2-92cb-69a840479dce-768x768.jpg 768w, https:\/\/feveramoments.si\/wp-content\/uploads\/2026\/03\/e0a66724-35c1-40f2-92cb-69a840479dce-607x607.jpg 607w, https:\/\/feveramoments.si\/wp-content\/uploads\/2026\/03\/e0a66724-35c1-40f2-92cb-69a840479dce-100x100.jpg 100w\" sizes=\"(max-width: 800px) 100vw, 800px\" \/><\/figure>\n<\/div>\n\n\n\n<div class=\"wp-block-column is-layout-flow wp-block-column-is-layout-flow\">\n<figure class=\"wp-block-image size-full\"><img loading=\"lazy\" decoding=\"async\" width=\"800\" height=\"800\" src=\"https:\/\/feveramoments.si\/wp-content\/uploads\/2026\/03\/b61a85e3-e3df-4232-a3ca-ee0e9f9537b5.jpg\" alt=\"\" class=\"wp-image-172\" srcset=\"https:\/\/feveramoments.si\/wp-content\/uploads\/2026\/03\/b61a85e3-e3df-4232-a3ca-ee0e9f9537b5.jpg 800w, https:\/\/feveramoments.si\/wp-content\/uploads\/2026\/03\/b61a85e3-e3df-4232-a3ca-ee0e9f9537b5-300x300.jpg 300w, https:\/\/feveramoments.si\/wp-content\/uploads\/2026\/03\/b61a85e3-e3df-4232-a3ca-ee0e9f9537b5-150x150.jpg 150w, https:\/\/feveramoments.si\/wp-content\/uploads\/2026\/03\/b61a85e3-e3df-4232-a3ca-ee0e9f9537b5-768x768.jpg 768w, https:\/\/feveramoments.si\/wp-content\/uploads\/2026\/03\/b61a85e3-e3df-4232-a3ca-ee0e9f9537b5-607x607.jpg 607w, https:\/\/feveramoments.si\/wp-content\/uploads\/2026\/03\/b61a85e3-e3df-4232-a3ca-ee0e9f9537b5-100x100.jpg 100w\" sizes=\"(max-width: 800px) 100vw, 800px\" \/><\/figure>\n<\/div>\n<\/div>\n\n\n\n<hr class=\"wp-block-separator has-alpha-channel-opacity\"\/>\n\n\n\n<div class=\"wp-block-columns is-layout-flex wp-container-core-columns-is-layout-9d6595d7 wp-block-columns-is-layout-flex\">\n<div class=\"wp-block-column is-layout-flow wp-block-column-is-layout-flow\">\n<div class=\"fevera-hover-card\">\n<img decoding=\"async\" src=\"https:\/\/feveramoments.si\/wp-content\/uploads\/2026\/02\/9AAE4ED8-0CFF-4DAA-A42A-5DAE6C27ECB6.png\" alt=\"Obletnice\">\n<div class=\"fevera-overlay\">\n<div class=\"fevera-overlay-text\">\nPri Fevera moments ujamemo trenutke, ko se dve poti zdru\u017eita za vedno.\n<\/div>\n<\/div>\n<\/div>\n<style>\n.fevera-hover-card{\nposition: relative;\nwidth: 100%;\nmax-width: 420px;\naspect-ratio: 1\/1; \/* popoln kvadrat *\/\nmargin: 0 auto;\noverflow: hidden;\nborder-radius: 6px;\n}\n.fevera-hover-card img{\nposition: absolute;\nwidth: 100%;\nheight: 100%;\nobject-fit: cover;\n}\n.fevera-overlay{\nposition: absolute;\ninset: 0;\nbackground: rgba(26, 26, 26, 0.75);\nopacity: 0;\ntransition: opacity 0.35s ease;\ndisplay: flex;\nalign-items: center;\njustify-content: center;\ntext-align: center;\npadding: 30px;\n}\n.fevera-hover-card:hover .fevera-overlay{\nopacity: 1;\n}\n.fevera-overlay-text{\ncolor: #eadbb8;\nfont-size: 12px;\nletter-spacing: 2px;\nfont-weight: 300;\nline-height: 1.6;\n}\n<\/style>\n<\/div>\n\n\n\n<div class=\"wp-block-column is-layout-flow wp-block-column-is-layout-flow\">\n<div class=\"fevera-hover-card\">\n<img decoding=\"async\" src=\"https:\/\/feveramoments.si\/wp-content\/uploads\/2026\/03\/IMG_2190-edited.jpg\" alt=\"Obletnice\">\n<div class=\"fevera-overlay\">\n<div class=\"fevera-overlay-text\">\nVsak za\u010detek ima svojo zgodbo.<br>\nIn vsaka zgodba ima svoje zvezde.<br><br>\nLukec, dobrodo\u0161el! \u2661 \n<\/div>\n<\/div>\n<\/div>\n<style>\n.fevera-hover-card{\nposition: relative;\nwidth: 100%;\nmax-width: 420px;\naspect-ratio: 1\/1; \/* popoln kvadrat *\/\nmargin: 0 auto;\noverflow: hidden;\nborder-radius: 6px;\n}\n.fevera-hover-card img{\nposition: absolute;\nwidth: 100%;\nheight: 100%;\nobject-fit: cover;\n}\n.fevera-overlay{\nposition: absolute;\ninset: 0;\nbackground: rgba(26, 26, 26, 0.75);\nopacity: 0;\ntransition: opacity 0.35s ease;\ndisplay: flex;\nalign-items: center;\njustify-content: center;\ntext-align: center;\npadding: 30px;\n}\n.fevera-hover-card:hover .fevera-overlay{\nopacity: 1;\n}\n.fevera-overlay-text{\ncolor: #eadbb8;\nfont-size: 12px;\nletter-spacing: 2px;\nfont-weight: 300;\nline-height: 1.6;\n}\n<\/style>\n<\/div>\n\n\n\n<div class=\"wp-block-column is-layout-flow wp-block-column-is-layout-flow\">\n<div class=\"fevera-hover-card\">\n<img decoding=\"async\" src=\"https:\/\/feveramoments.si\/wp-content\/uploads\/2026\/03\/IMG_2024-scaled.jpeg\" alt=\"Obletnice\">\n<div class=\"fevera-overlay\">\n<div class=\"fevera-overlay-text\">\nFevera izhaja iz februarja, forever in favorite.<br><br>\n\nPredstavljamo vam prvi izdelek, zaradi katerega se je ta projekt pri\u010del.\n<\/div>\n<\/div>\n<\/div>\n<style>\n.fevera-hover-card{\nposition: relative;\nwidth: 100%;\nmax-width: 420px;\naspect-ratio: 1\/1; \/* popoln kvadrat *\/\nmargin: 0 auto;\noverflow: hidden;\nborder-radius: 6px;\n}\n.fevera-hover-card img{\nposition: absolute;\nwidth: 100%;\nheight: 100%;\nobject-fit: cover;\n}\n.fevera-overlay{\nposition: absolute;\ninset: 0;\nbackground: rgba(26, 26, 26, 0.75);\nopacity: 0;\ntransition: opacity 0.35s ease;\ndisplay: flex;\nalign-items: center;\njustify-content: center;\ntext-align: center;\npadding: 30px;\n}\n.fevera-hover-card:hover .fevera-overlay{\nopacity: 1;\n}\n.fevera-overlay-text{\ncolor: #eadbb8;\nfont-size: 12px;\nletter-spacing: 2px;\nfont-weight: 300;\nline-height: 1.6;\n}\n<\/style>\n<\/div>\n\n\n\n<div class=\"wp-block-column is-layout-flow wp-block-column-is-layout-flow\">\n<div class=\"wp-block-group\"><div class=\"wp-block-group__inner-container is-layout-constrained wp-block-group-is-layout-constrained\">\n<div class=\"wp-block-group\"><div class=\"wp-block-group__inner-container is-layout-constrained wp-block-group-is-layout-constrained\">\n<div class=\"wp-block-group\"><div class=\"wp-block-group__inner-container is-layout-constrained wp-block-group-is-layout-constrained\">\n<div class=\"wp-block-group\"><div class=\"wp-block-group__inner-container is-layout-constrained wp-block-group-is-layout-constrained\">\n<div class=\"wp-block-group\"><div class=\"wp-block-group__inner-container is-layout-constrained wp-block-group-is-layout-constrained\">\n<div class=\"fevera-hover-card\">\n<img decoding=\"async\" src=\"https:\/\/feveramoments.si\/wp-content\/uploads\/2026\/02\/2EF0D5BA-DE6C-47F0-8868-6A7786DE10B0-e1772889816460.png\" alt=\"Obletnice\">\n<div class=\"fevera-overlay\">\n<div class=\"fevera-overlay-text\">\nTo niso le zvezde.<br>\nTo so zgodbe.<br>  \nTo so spomini.<br>\n<br> Spomini, ki trajajo ve\u010dno.<br>\n<\/div>\n<\/div>\n<\/div>\n<style>\n.fevera-hover-card{\nposition: relative;\nwidth: 100%;\nmax-width: 420px;\naspect-ratio: 1\/1; \/* popoln kvadrat *\/\nmargin: 0 auto;\noverflow: hidden;\nborder-radius: 6px;\n}\n.fevera-hover-card img{\nposition: absolute;\nwidth: 100%;\nheight: 100%;\nobject-fit: cover;\n}\n.fevera-overlay{\nposition: absolute;\ninset: 0;\nbackground: rgba(26, 26, 26, 0.75);\nopacity: 0;\ntransition: opacity 0.35s ease;\ndisplay: flex;\nalign-items: center;\njustify-content: center;\ntext-align: center;\npadding: 30px;\n}\n.fevera-hover-card:hover .fevera-overlay{\nopacity: 1;\n}\n.fevera-overlay-text{\ncolor: #eadbb8;\nfont-size: 12px;\nletter-spacing: 2px;\nfont-weight: 300;\nline-height: 1.6;\n}\n<\/style>\n<\/div><\/div>\n<\/div><\/div>\n<\/div><\/div>\n<\/div><\/div>\n<\/div><\/div>\n<\/div>\n<\/div>\n\n\n\n<hr class=\"wp-block-separator has-alpha-channel-opacity\"\/>\n\n\n\n<div class=\"wp-block-columns is-layout-flex wp-container-core-columns-is-layout-9d6595d7 wp-block-columns-is-layout-flex\">\n<div class=\"wp-block-column is-layout-flow wp-block-column-is-layout-flow\">\n<p class=\"has-text-align-center\" style=\"line-height:0.9\"><mark style=\"background-color:rgba(0, 0, 0, 0)\" class=\"has-inline-color has-theme-palette-5-color\">Ujemite trenutek, ki ga ne \u017eelite nikoli pozabiti.<\/mark><\/p>\n\n\n\n<div class=\"wp-block-buttons is-vertical is-content-justification-center is-layout-flex wp-container-core-buttons-is-layout-9a7cdcfd wp-block-buttons-is-layout-flex\">\n<div class=\"wp-block-button has-custom-width wp-block-button__width-25\"><a class=\"wp-block-button__link wp-element-button\" href=\"https:\/\/feveramoments.si\/?page_id=25\">Ustvari svojo zvezdno karto.<\/a><\/div>\n<\/div>\n<\/div>\n<\/div>\n\n\n<div class=\"wp-block-image\">\n<figure class=\"aligncenter size-full is-resized\"><img loading=\"lazy\" decoding=\"async\" width=\"545\" height=\"320\" src=\"https:\/\/feveramoments.si\/wp-content\/uploads\/2026\/03\/image-7.png\" alt=\"\" class=\"wp-image-203\" style=\"width:259px;height:auto\" srcset=\"https:\/\/feveramoments.si\/wp-content\/uploads\/2026\/03\/image-7.png 545w, https:\/\/feveramoments.si\/wp-content\/uploads\/2026\/03\/image-7-300x176.png 300w\" sizes=\"(max-width: 545px) 100vw, 545px\" \/><\/figure>\n<\/div>\n\n\n<p>&nbsp;<\/p>\n","protected":false},"excerpt":{"rendered":"<p>Ujemite svoj trenutek Fevera moments ujame nebo to\u010dno tak\u0161no, kot je bilo. Na tisti dan. Ob tisti uri. Na tistem mestu. Vsaka zvezdna karta je popolnoma personalizirana. Ustvarjena je po resni\u010dnih astronomskih podatkih. Popolno darilo za: Rojstvo otroka Poroko ali obletnico Prvi poljub Dan, ki je spremenil vse Zakaj izbrati Fevera moments? \u2606\u00a0Popolnoma personaliziranoVsaka zvezdna&#8230;<\/p>\n","protected":false},"author":1,"featured_media":0,"parent":0,"menu_order":0,"comment_status":"closed","ping_status":"closed","template":"","meta":{"_kad_post_transparent":"enable","_kad_post_title":"default","_kad_post_layout":"normal","_kad_post_sidebar_id":"","_kad_post_content_style":"","_kad_post_vertical_padding":"","_kad_post_feature":"","_kad_post_feature_position":"","_kad_post_header":false,"_kad_post_footer":false,"_kad_post_classname":"","footnotes":""},"class_list":["post-9","page","type-page","status-publish","hentry"],"_links":{"self":[{"href":"https:\/\/feveramoments.si\/index.php?rest_route=\/wp\/v2\/pages\/9","targetHints":{"allow":["GET"]}}],"collection":[{"href":"https:\/\/feveramoments.si\/index.php?rest_route=\/wp\/v2\/pages"}],"about":[{"href":"https:\/\/feveramoments.si\/index.php?rest_route=\/wp\/v2\/types\/page"}],"author":[{"embeddable":true,"href":"https:\/\/feveramoments.si\/index.php?rest_route=\/wp\/v2\/users\/1"}],"replies":[{"embeddable":true,"href":"https:\/\/feveramoments.si\/index.php?rest_route=%2Fwp%2Fv2%2Fcomments&post=9"}],"version-history":[{"count":50,"href":"https:\/\/feveramoments.si\/index.php?rest_route=\/wp\/v2\/pages\/9\/revisions"}],"predecessor-version":[{"id":369,"href":"https:\/\/feveramoments.si\/index.php?rest_route=\/wp\/v2\/pages\/9\/revisions\/369"}],"wp:attachment":[{"href":"https:\/\/feveramoments.si\/index.php?rest_route=%2Fwp%2Fv2%2Fmedia&parent=9"}],"curies":[{"name":"wp","href":"https:\/\/api.w.org\/{rel}","templated":true}]}}