{"id":91,"date":"2026-03-01T19:44:08","date_gmt":"2026-03-01T18:44:08","guid":{"rendered":"https:\/\/feveramoments.si\/?page_id=91"},"modified":"2026-03-07T20:37:42","modified_gmt":"2026-03-07T19:37:42","slug":"najina-zgodba","status":"publish","type":"page","link":"https:\/\/feveramoments.si\/?page_id=91","title":{"rendered":"Najina zgodba"},"content":{"rendered":"\n<hr class=\"wp-block-separator has-alpha-channel-opacity\"\/>\n\n\n\n<div class=\"wp-block-columns is-layout-flex wp-container-core-columns-is-layout-9d6595d7 wp-block-columns-is-layout-flex\">\n<div class=\"wp-block-column is-layout-flow wp-block-column-is-layout-flow\" style=\"flex-basis:100%\">\n<div class=\"wp-block-columns is-layout-flex wp-container-core-columns-is-layout-9d6595d7 wp-block-columns-is-layout-flex\">\n<div class=\"wp-block-column is-layout-flow wp-block-column-is-layout-flow\">\n<h2 class=\"wp-block-heading\" style=\"font-size:18px\"><strong><a href=\"https:\/\/feveramoments.si\/?page_id=91\" data-type=\"page\" data-id=\"91\">Za\u010detek zgodbe Fevera moments<\/a><\/strong>&#8230;<\/h2>\n\n\n\n<p class=\"has-text-align-left has-small-font-size\" style=\"border-top-left-radius:19px;border-top-right-radius:19px;border-bottom-left-radius:19px;border-bottom-right-radius:19px;margin-top:0;margin-bottom:0;letter-spacing:0.09px\">Ime <mark style=\"background-color:rgba(0, 0, 0, 0)\" class=\"has-inline-color has-theme-palette-1-color\">Fevera <\/mark>zdru\u017euje tri pomene:<br><mark style=\"background-color:rgba(0, 0, 0, 0)\" class=\"has-inline-color has-theme-palette-3-color\">February<\/mark>, <mark style=\"background-color:rgba(0, 0, 0, 0)\" class=\"has-inline-color has-theme-palette-3-color\">Forever <\/mark>in <mark style=\"background-color:rgba(0, 0, 0, 0)\" class=\"has-inline-color has-theme-palette-4-color\">Favorite <\/mark><mark style=\"background-color:rgba(0, 0, 0, 0)\" class=\"has-inline-color has-theme-palette-3-color\">\u2014za\u010detek, ve\u010dnost in tisto, kar nam je najljub\u0161e.<\/mark><br><mark style=\"background-color:rgba(0, 0, 0, 0)\" class=\"has-inline-color has-theme-palette-3-color\"><br>Februar je mesec, ko se je za\u010dela najina zgodba, iz katere je nastala tudi ideja za ta projekt.<br>Prvi izdelek je nastal kot darilo za najino obletnico \u2014 kot spomin na nebo, ki je bilo nad nama, ko se je vse za\u010delo.<\/mark><br><mark style=\"background-color:rgba(0, 0, 0, 0)\" class=\"has-inline-color has-theme-palette-3-color\"><br>Iz osebnega trenutka se je rodila ideja: zakaj ne bi tudi drugim omogo\u010dili, da svoje najlep\u0161e trenutke ohranijo na enak na\u010din?<br>Zato danes ustvarjamo izdelke, ki niso le dekoracija, ampak nosijo zgodbo.<br><\/mark><br><mark style=\"background-color:rgba(0, 0, 0, 0)\" class=\"has-inline-color has-theme-palette-1-color\"><a href=\"https:\/\/feveramoments.si\/?page_id=90\" data-type=\"page\" data-id=\"90\">Ustvarjamo spomine, ki trajajo ve\u010dno.&#x1f90d;<\/a><\/mark><\/p>\n<\/div>\n\n\n\n<div class=\"wp-block-column is-layout-flow wp-block-column-is-layout-flow\">\n<figure class=\"wp-block-image size-large\"><img decoding=\"async\" src=\"https:\/\/feveramoments.si\/wp-content\/uploads\/2026\/03\/izdelki-1024x768.jpg\" alt=\"\" class=\"wp-image-221\"\/><\/figure>\n<\/div>\n<\/div>\n<\/div>\n<\/div>\n\n\n\n<hr class=\"wp-block-separator has-alpha-channel-opacity\"\/>\n\n\n<div class=\"wp-block-image\">\n<figure class=\"aligncenter size-full is-resized\"><img fetchpriority=\"high\" decoding=\"async\" width=\"1756\" height=\"106\" src=\"https:\/\/feveramoments.si\/wp-content\/uploads\/2026\/03\/Posnetek-zaslona-2026-03-07-203327.png\" alt=\"\" class=\"wp-image-234\" style=\"aspect-ratio:13.302745915884602;width:545px;height:auto\" srcset=\"https:\/\/feveramoments.si\/wp-content\/uploads\/2026\/03\/Posnetek-zaslona-2026-03-07-203327.png 1756w, https:\/\/feveramoments.si\/wp-content\/uploads\/2026\/03\/Posnetek-zaslona-2026-03-07-203327-300x18.png 300w, https:\/\/feveramoments.si\/wp-content\/uploads\/2026\/03\/Posnetek-zaslona-2026-03-07-203327-1024x62.png 1024w, https:\/\/feveramoments.si\/wp-content\/uploads\/2026\/03\/Posnetek-zaslona-2026-03-07-203327-768x46.png 768w, https:\/\/feveramoments.si\/wp-content\/uploads\/2026\/03\/Posnetek-zaslona-2026-03-07-203327-1536x93.png 1536w, https:\/\/feveramoments.si\/wp-content\/uploads\/2026\/03\/Posnetek-zaslona-2026-03-07-203327-607x37.png 607w\" sizes=\"(max-width: 1756px) 100vw, 1756px\" \/><\/figure>\n<\/div>\n\n\n<hr class=\"wp-block-separator has-alpha-channel-opacity\"\/>\n\n\n\n<div class=\"wp-block-columns is-layout-flex wp-container-core-columns-is-layout-9d6595d7 wp-block-columns-is-layout-flex\">\n<div class=\"wp-block-column is-layout-flow wp-block-column-is-layout-flow\" style=\"flex-basis:100%\">\n<div class=\"wp-block-columns is-layout-flex wp-container-core-columns-is-layout-9d6595d7 wp-block-columns-is-layout-flex\">\n<div class=\"wp-block-column is-layout-flow wp-block-column-is-layout-flow\">\n<figure class=\"wp-block-image size-large\"><img decoding=\"async\" width=\"1024\" height=\"758\" src=\"https:\/\/feveramoments.si\/wp-content\/uploads\/2026\/03\/lezece-1024x758.png\" alt=\"\" class=\"wp-image-227\" srcset=\"https:\/\/feveramoments.si\/wp-content\/uploads\/2026\/03\/lezece-1024x758.png 1024w, https:\/\/feveramoments.si\/wp-content\/uploads\/2026\/03\/lezece-300x222.png 300w, https:\/\/feveramoments.si\/wp-content\/uploads\/2026\/03\/lezece-768x569.png 768w, https:\/\/feveramoments.si\/wp-content\/uploads\/2026\/03\/lezece-607x449.png 607w, https:\/\/feveramoments.si\/wp-content\/uploads\/2026\/03\/lezece.png 1082w\" sizes=\"(max-width: 1024px) 100vw, 1024px\" \/><figcaption class=\"wp-element-caption\"><em>Tja\u0161a, ustanoviteljica <\/em><em>projekta <mark style=\"background-color:rgba(0, 0, 0, 0)\" class=\"has-inline-color has-theme-palette-1-color\">Fevera <\/mark>moments<\/em><\/figcaption><\/figure>\n<\/div>\n\n\n\n<div class=\"wp-block-column is-layout-flow wp-block-column-is-layout-flow\">\n<h2 class=\"wp-block-heading\" style=\"font-size:18px\"><strong><a href=\"https:\/\/feveramoments.si\/?page_id=91\" data-type=\"page\" data-id=\"91\">O meni<\/a><\/strong><\/h2>\n\n\n\n<p class=\"has-text-align-left has-small-font-size\" style=\"border-top-left-radius:19px;border-top-right-radius:19px;border-bottom-left-radius:19px;border-bottom-right-radius:19px;margin-top:0;margin-bottom:0;letter-spacing:0.09px\">Sem Tja\u0161a, ustvarjalka projekta <mark style=\"background-color:rgba(0, 0, 0, 0)\" class=\"has-inline-color has-theme-palette-1-color\">Fevera <\/mark>moments.<\/p>\n\n\n\n<p class=\"has-text-align-left has-small-font-size\" style=\"border-top-left-radius:19px;border-top-right-radius:19px;border-bottom-left-radius:19px;border-bottom-right-radius:19px;margin-top:0;margin-bottom:0;letter-spacing:0.09px\"><br>Vedno so me privla\u010dile stvari z zgodbo &#8211; drobni detajli, spomini in trenutki, ki jih \u017eelimo ohraniti. <\/p>\n\n\n\n<p class=\"has-text-align-left has-small-font-size\" style=\"border-top-left-radius:19px;border-top-right-radius:19px;border-bottom-left-radius:19px;border-bottom-right-radius:19px;margin-top:0;margin-bottom:0;letter-spacing:0.09px\">Prav zato imajo v mojem \u017eivljenju posebno mesto fotografije, spominske knjige in ustvarjanje ne\u010desa, kar nosi pomen. <\/p>\n\n\n\n<p class=\"has-text-align-left has-small-font-size\" style=\"border-top-left-radius:19px;border-top-right-radius:19px;border-bottom-left-radius:19px;border-bottom-right-radius:19px;margin-top:0;margin-bottom:0;letter-spacing:0.09px\"><br>Iz te ideje je nastal tudi Fevera moments projekt, ki zdru\u017euje ustvarjalnost in spomine ter omogo\u010da, da najpomembnej\u0161e trenutke ujamemo na poseben na\u010din.<br><br>Vsaka zvezdna karta predstavlja majhen ko\u0161\u010dek neba iz trenutka, ki nekomu pomeni vse. <mark style=\"background-color:rgba(0, 0, 0, 0)\" class=\"has-inline-color has-theme-palette-3-color\"><br><\/mark><br><mark style=\"background-color:rgba(0, 0, 0, 0)\" class=\"has-inline-color has-theme-palette-1-color\"><a href=\"https:\/\/feveramoments.si\/?page_id=90\" data-type=\"page\" data-id=\"90\">Fevera moments &#8211; spomini, ki trajajo ve\u010dno&#x1f90d;<\/a><\/mark><\/p>\n<\/div>\n<\/div>\n<\/div>\n<\/div>\n\n\n\n<hr class=\"wp-block-separator has-alpha-channel-opacity\"\/>\n\n\n\n<p class=\"has-text-align-center\" style=\"font-size:16px;line-height:1.3\"><br><br>Ujemite tudi vi svoj poseben trenutek.<\/p>\n\n\n\n<div class=\"wp-block-buttons is-content-justification-center is-layout-flex wp-container-core-buttons-is-layout-16018d1d wp-block-buttons-is-layout-flex\">\n<div class=\"wp-block-button\"><a class=\"wp-block-button__link wp-element-button\" href=\"https:\/\/feveramoments.si\/?page_id=90\">   Ustvari svojo zvezdno karto   <\/a><\/div>\n<\/div>\n","protected":false},"excerpt":{"rendered":"<p>Za\u010detek zgodbe Fevera moments&#8230; Ime Fevera zdru\u017euje tri pomene:February, Forever in Favorite \u2014za\u010detek, ve\u010dnost in tisto, kar nam je najljub\u0161e.Februar je mesec, ko se je za\u010dela najina zgodba, iz katere je nastala tudi ideja za ta projekt.Prvi izdelek je nastal kot darilo za najino obletnico \u2014 kot spomin na nebo, ki je bilo nad nama,&#8230;<\/p>\n","protected":false},"author":1,"featured_media":0,"parent":0,"menu_order":0,"comment_status":"closed","ping_status":"closed","template":"","meta":{"_kad_post_transparent":"","_kad_post_title":"","_kad_post_layout":"","_kad_post_sidebar_id":"","_kad_post_content_style":"","_kad_post_vertical_padding":"","_kad_post_feature":"","_kad_post_feature_position":"","_kad_post_header":false,"_kad_post_footer":false,"_kad_post_classname":"","footnotes":""},"class_list":["post-91","page","type-page","status-publish","hentry"],"_links":{"self":[{"href":"https:\/\/feveramoments.si\/index.php?rest_route=\/wp\/v2\/pages\/91","targetHints":{"allow":["GET"]}}],"collection":[{"href":"https:\/\/feveramoments.si\/index.php?rest_route=\/wp\/v2\/pages"}],"about":[{"href":"https:\/\/feveramoments.si\/index.php?rest_route=\/wp\/v2\/types\/page"}],"author":[{"embeddable":true,"href":"https:\/\/feveramoments.si\/index.php?rest_route=\/wp\/v2\/users\/1"}],"replies":[{"embeddable":true,"href":"https:\/\/feveramoments.si\/index.php?rest_route=%2Fwp%2Fv2%2Fcomments&post=91"}],"version-history":[{"count":4,"href":"https:\/\/feveramoments.si\/index.php?rest_route=\/wp\/v2\/pages\/91\/revisions"}],"predecessor-version":[{"id":235,"href":"https:\/\/feveramoments.si\/index.php?rest_route=\/wp\/v2\/pages\/91\/revisions\/235"}],"wp:attachment":[{"href":"https:\/\/feveramoments.si\/index.php?rest_route=%2Fwp%2Fv2%2Fmedia&parent=91"}],"curies":[{"name":"wp","href":"https:\/\/api.w.org\/{rel}","templated":true}]}}